{"id":2901,"date":"2015-11-18T08:34:00","date_gmt":"2015-11-18T01:34:00","guid":{"rendered":"http:\/\/demo.thimpress.com\/eduma\/?page_id=2901"},"modified":"2024-12-01T01:13:47","modified_gmt":"2024-11-30T18:13:47","slug":"gioi-thieu","status":"publish","type":"page","link":"https:\/\/lophocnganhmay.vn\/index.php\/gioi-thieu\/","title":{"rendered":"Gi\u1edbi thi\u1ec7u"},"content":{"rendered":"\t\t<div data-elementor-type=\"wp-post\" data-elementor-id=\"2901\" class=\"elementor elementor-2901\" data-elementor-post-type=\"page\">\n\t\t\t\t<div class=\"elementor-element elementor-element-542af75 e-flex e-con-boxed e-con e-parent\" data-id=\"542af75\" data-element_type=\"container\" data-e-type=\"container\" data-settings=\"{&quot;background_background&quot;:&quot;classic&quot;}\">\n\t\t\t\t\t<div class=\"e-con-inner\">\n\t\t\t\t<div class=\"elementor-element elementor-element-57cbd7b elementor-widget elementor-widget-text-editor\" data-id=\"57cbd7b\" data-element_type=\"widget\" data-e-type=\"widget\" data-widget_type=\"text-editor.default\">\n\t\t\t\t<div class=\"elementor-widget-container\">\n\t\t\t\t\t\t\t\t\t<p><strong>Kh\u00e1m Ph\u00e1 H\u1ec7 Th\u1ed1ng Kh\u00f3a H\u1ecdc Qua Video B\u00e0i Gi\u1ea3ng t\u1ea1i lophocnganhmay.vn<\/strong><\/p><p>\ud83c\udf1f <strong>H\u1ecdc M\u1ecdi L\u00fac, M\u1ecdi N\u01a1i<\/strong><br \/>Ch\u00e0o m\u1eebng b\u1ea1n \u0111\u1ebfn v\u1edbi h\u1ec7 th\u1ed1ng kh\u00f3a h\u1ecdc tr\u1ef1c tuy\u1ebfn <strong>lophocnganhmay.vn<\/strong> \u2013 n\u01a1i cung c\u1ea5p c\u00e1c kh\u00f3a h\u1ecdc ch\u1ea5t l\u01b0\u1ee3ng cao qua video b\u00e0i gi\u1ea3ng, gi\u00fap b\u1ea1n n\u00e2ng cao ki\u1ebfn th\u1ee9c v\u00e0 k\u1ef9 n\u0103ng m\u1ed9t c\u00e1ch hi\u1ec7u qu\u1ea3, ti\u1ec7n l\u1ee3i.<\/p><p>\ud83d\udca1 <strong>T\u1ea1i Sao Ch\u1ecdn lophocnganhmay.vn?<\/strong><\/p><ol><li><strong>\u0110a D\u1ea1ng Ch\u1ee7 \u0110\u1ec1<\/strong>: R\u1ea5t nhi\u1ec1u kh\u00f3a h\u1ecdc cho b\u1ea1n l\u1ef1a ch\u1ecdn nh\u01b0. Thi\u1ebft k\u1ebf r\u1eadp th\u1eddi trang tr\u00ean ph\u1ea7n m\u1ec1m Gerber Accumark, Thi\u1ebft k\u1ebf r\u1eadp th\u1eddi trang tr\u00ean ph\u1ea7n m\u1ec1m Optitex, Thi\u1ebft k\u1ebf r\u1eadp ba l\u00f4 t\u00fai x\u00e1ch tr\u00ean ph\u1ea7n m\u1ec1m Optitex &#8230;.<\/li><li><strong>Ch\u1ea5t L\u01b0\u1ee3ng B\u00e0i Gi\u1ea3ng Cao<\/strong>: C\u00e1c video b\u00e0i gi\u1ea3ng \u0111\u01b0\u1ee3c quay b\u1edfi giao vi\u00ean gi\u00e0u k\u00ecnh nghi\u1ec7m v\u00e0 bi\u00ean so\u1ea1n theo l\u1ed9 tr\u00ecnh \u0111\u1ea7y \u0111\u1ee7 t\u1eeb c\u01a1 b\u1ea3n \u0111\u1ebfn n\u00e2ng cao, d\u1ec5 hi\u1ec3u, ph\u00f9 h\u1ee3p cho m\u1ecdi \u0111\u1ed1i t\u01b0\u1ee3ng.<\/li><li><strong>Ti\u1ebft Ki\u1ec7m Th\u1eddi Gian<\/strong>: Kh\u00f4ng c\u1ea7n \u0111i l\u1ea1i, b\u1ea1n ch\u1ec9 c\u1ea7n thi\u1ebft b\u1ecb m\u00e1y t\u00ednh, \u0111i\u1ec7n tho\u1ea1i k\u1ebft n\u1ed1i internet l\u00e0 c\u00f3 th\u1ec3 h\u1ecdc \u1edf b\u1ea5t k\u1ef3 \u0111\u00e2u.<\/li><li><strong>T\u01b0\u01a1ng T\u00e1c &amp; H\u1ed7 Tr\u1ee3<\/strong>: H\u1ed7 tr\u1ee3 tr\u1ef1c ti\u1ebfp qua \u0111i\u1ec7n tho\u1ea1i ho\u1eb7c zalo \u0111\u1ec3 gi\u1ea3i \u0111\u00e1p m\u1ecdi th\u1eafc m\u1eafc trong qu\u00e1 tr\u00ecnh h\u1ecdc.<\/li><\/ol><p>\ud83d\udcd6 <strong>L\u00e0m Th\u1ebf N\u00e0o \u0110\u1ec3 Tham Gia?<\/strong><\/p><ul><li><strong>B\u01b0\u1edbc 1<\/strong>: Truy c\u1eadp v\u00e0o <a href=\"https:\/\/lophocnganhmay.vn\" target=\"_new\" rel=\"noopener\">lophocnganhmay.vn<\/a>.<\/li><li><strong>B\u01b0\u1edbc 2<\/strong>: \u0110\u0103ng k\u00fd t\u00e0i kho\u1ea3n nhanh ch\u00f3ng, d\u1ec5 d\u00e0ng.<\/li><li><strong>B\u01b0\u1edbc 3<\/strong>: L\u1ef1a ch\u1ecdn kh\u00f3a h\u1ecdc ph\u00f9 h\u1ee3p v\u00e0 b\u1eaft \u0111\u1ea7u h\u00e0nh tr\u00ecnh chinh ph\u1ee5c tri th\u1ee9c.<\/li><\/ul><p>\ud83d\udcde <strong>Li\u00ean H\u1ec7 Ngay<\/strong>:<br \/>N\u1ebfu b\u1ea1n c\u1ea7n t\u01b0 v\u1ea5n th\u00eam, h\u00e3y g\u1ecdi cho ch\u00fang t\u00f4i qua s\u1ed1: <strong>0963 896 077<\/strong> \u00a0\u0110\u1ed9i ng\u0169 h\u1ed7 tr\u1ee3 lu\u00f4n s\u1eb5n s\u00e0ng \u0111\u1ed3ng h\u00e0nh c\u00f9ng b\u1ea1n.<\/p><p>\u2728 <strong>H\u1ecdc t\u1eadp kh\u00f4ng gi\u1edbi h\u1ea1n \u2013 Th\u00e0nh c\u00f4ng trong t\u1ea7m tay!<\/strong><br \/>Tham gia ngay h\u00f4m nay v\u00e0 tr\u1edf th\u00e0nh phi\u00ean b\u1ea3n t\u1ed1t nh\u1ea5t c\u1ee7a ch\u00ednh m\u00ecnh t\u1ea1i <strong>lophocnganhmay.vn<\/strong>!<\/p>\t\t\t\t\t\t\t\t<\/div>\n\t\t\t\t<\/div>\n\t\t\t\t\t<\/div>\n\t\t\t\t<\/div>\n\t\t\t\t<\/div>\n\t\t","protected":false},"excerpt":{"rendered":"<p>Kh\u00e1m Ph\u00e1 H\u1ec7 Th\u1ed1ng Kh\u00f3a H\u1ecdc Qua Video B\u00e0i Gi\u1ea3ng t\u1ea1i lophocnganhmay.vn \ud83c\udf1f H\u1ecdc M\u1ecdi L\u00fac, M\u1ecdi N\u01a1iCh\u00e0o m\u1eebng b\u1ea1n \u0111\u1ebfn v\u1edbi h\u1ec7 th\u1ed1ng kh\u00f3a h\u1ecdc tr\u1ef1c tuy\u1ebfn lophocnganhmay.vn \u2013 n\u01a1i cung c\u1ea5p c\u00e1c kh\u00f3a h\u1ecdc ch\u1ea5t l\u01b0\u1ee3ng cao qua &hellip; <\/p>\n","protected":false},"author":1,"featured_media":0,"parent":0,"menu_order":0,"comment_status":"closed","ping_status":"closed","template":"","meta":{"pmpro_default_level":"","footnotes":""},"class_list":["post-2901","page","type-page","status-publish","hentry","pmpro-has-access"],"yoast_head":"<!-- This site is optimized with the Yoast SEO Premium plugin v23.9 (Yoast SEO v27.4) - https:\/\/yoast.com\/product\/yoast-seo-premium-wordpress\/ -->\n<title>Gi\u1edbi thi\u1ec7u - H\u1ec7 th\u1ed1ng website kh\u00f3a h\u1ecdc qua video<\/title>\n<meta name=\"robots\" content=\"index, follow, max-snippet:-1, max-image-preview:large, max-video-preview:-1\" \/>\n<link rel=\"canonical\" href=\"https:\/\/lophocnganhmay.vn\/index.php\/gioi-thieu\/\" \/>\n<meta property=\"og:locale\" content=\"vi_VN\" \/>\n<meta property=\"og:type\" content=\"article\" \/>\n<meta property=\"og:title\" content=\"Gi\u1edbi thi\u1ec7u\" \/>\n<meta property=\"og:description\" content=\"Kh\u00e1m Ph\u00e1 H\u1ec7 Th\u1ed1ng Kh\u00f3a H\u1ecdc Qua Video B\u00e0i Gi\u1ea3ng t\u1ea1i lophocnganhmay.vn \ud83c\udf1f H\u1ecdc M\u1ecdi L\u00fac, M\u1ecdi N\u01a1iCh\u00e0o m\u1eebng b\u1ea1n \u0111\u1ebfn v\u1edbi h\u1ec7 th\u1ed1ng kh\u00f3a h\u1ecdc tr\u1ef1c tuy\u1ebfn lophocnganhmay.vn \u2013 n\u01a1i cung c\u1ea5p c\u00e1c kh\u00f3a h\u1ecdc ch\u1ea5t l\u01b0\u1ee3ng cao qua &hellip;\" \/>\n<meta property=\"og:url\" content=\"https:\/\/lophocnganhmay.vn\/index.php\/gioi-thieu\/\" \/>\n<meta property=\"og:site_name\" content=\"H\u1ec7 th\u1ed1ng website kh\u00f3a h\u1ecdc qua video\" \/>\n<meta property=\"article:publisher\" content=\"https:\/\/www.facebook.com\/profile.php?id=61569519135021\" \/>\n<meta property=\"article:modified_time\" content=\"2024-11-30T18:13:47+00:00\" \/>\n<meta name=\"twitter:card\" content=\"summary_large_image\" \/>\n<meta name=\"twitter:label1\" content=\"\u01af\u1edbc t\u00ednh th\u1eddi gian \u0111\u1ecdc\" \/>\n\t<meta name=\"twitter:data1\" content=\"2 ph\u00fat\" \/>\n<script type=\"application\/ld+json\" class=\"yoast-schema-graph\">{\"@context\":\"https:\\\/\\\/schema.org\",\"@graph\":[{\"@type\":\"WebPage\",\"@id\":\"https:\\\/\\\/lophocnganhmay.vn\\\/index.php\\\/gioi-thieu\\\/\",\"url\":\"https:\\\/\\\/lophocnganhmay.vn\\\/index.php\\\/gioi-thieu\\\/\",\"name\":\"Gi\u1edbi thi\u1ec7u - H\u1ec7 th\u1ed1ng website kh\u00f3a h\u1ecdc qua video\",\"isPartOf\":{\"@id\":\"https:\\\/\\\/lophocnganhmay.vn\\\/#website\"},\"datePublished\":\"2015-11-18T01:34:00+00:00\",\"dateModified\":\"2024-11-30T18:13:47+00:00\",\"breadcrumb\":{\"@id\":\"https:\\\/\\\/lophocnganhmay.vn\\\/index.php\\\/gioi-thieu\\\/#breadcrumb\"},\"inLanguage\":\"vi\",\"potentialAction\":[{\"@type\":\"ReadAction\",\"target\":[\"https:\\\/\\\/lophocnganhmay.vn\\\/index.php\\\/gioi-thieu\\\/\"]}]},{\"@type\":\"BreadcrumbList\",\"@id\":\"https:\\\/\\\/lophocnganhmay.vn\\\/index.php\\\/gioi-thieu\\\/#breadcrumb\",\"itemListElement\":[{\"@type\":\"ListItem\",\"position\":1,\"name\":\"Trang ch\u1ee7\",\"item\":\"https:\\\/\\\/lophocnganhmay.vn\\\/\"},{\"@type\":\"ListItem\",\"position\":2,\"name\":\"Gi\u1edbi thi\u1ec7u\"}]},{\"@type\":\"WebSite\",\"@id\":\"https:\\\/\\\/lophocnganhmay.vn\\\/#website\",\"url\":\"https:\\\/\\\/lophocnganhmay.vn\\\/\",\"name\":\"H\u1ec7 th\u1ed1ng website kh\u00f3a h\u1ecdc qua video b\u00e0i gi\u1ea3ng\",\"description\":\"H\u1ec7 th\u1ed1ng kh\u00f3a h\u1ecdc online\",\"publisher\":{\"@id\":\"https:\\\/\\\/lophocnganhmay.vn\\\/#organization\"},\"potentialAction\":[{\"@type\":\"SearchAction\",\"target\":{\"@type\":\"EntryPoint\",\"urlTemplate\":\"https:\\\/\\\/lophocnganhmay.vn\\\/?s={search_term_string}\"},\"query-input\":{\"@type\":\"PropertyValueSpecification\",\"valueRequired\":true,\"valueName\":\"search_term_string\"}}],\"inLanguage\":\"vi\"},{\"@type\":[\"Organization\",\"Place\"],\"@id\":\"https:\\\/\\\/lophocnganhmay.vn\\\/#organization\",\"name\":\"H\u1ec7 th\u1ed1ng website kh\u00f3a h\u1ecdc qua video\",\"url\":\"https:\\\/\\\/lophocnganhmay.vn\\\/\",\"logo\":{\"@id\":\"https:\\\/\\\/lophocnganhmay.vn\\\/index.php\\\/gioi-thieu\\\/#local-main-organization-logo\"},\"image\":{\"@id\":\"https:\\\/\\\/lophocnganhmay.vn\\\/index.php\\\/gioi-thieu\\\/#local-main-organization-logo\"},\"sameAs\":[\"https:\\\/\\\/www.facebook.com\\\/profile.php?id=61569519135021\",\"https:\\\/\\\/www.facebook.com\\\/phanmempro.vn\"],\"telephone\":[],\"openingHoursSpecification\":[{\"@type\":\"OpeningHoursSpecification\",\"dayOfWeek\":[\"Monday\",\"Tuesday\",\"Wednesday\",\"Thursday\",\"Friday\",\"Saturday\",\"Sunday\"],\"opens\":\"09:00\",\"closes\":\"17:00\"}]},{\"@type\":\"ImageObject\",\"inLanguage\":\"vi\",\"@id\":\"https:\\\/\\\/lophocnganhmay.vn\\\/index.php\\\/gioi-thieu\\\/#local-main-organization-logo\",\"url\":\"https:\\\/\\\/lophocnganhmay.vn\\\/wp-content\\\/uploads\\\/2023\\\/05\\\/bien-edu.png\",\"contentUrl\":\"https:\\\/\\\/lophocnganhmay.vn\\\/wp-content\\\/uploads\\\/2023\\\/05\\\/bien-edu.png\",\"width\":657,\"height\":190,\"caption\":\"H\u1ec7 th\u1ed1ng website kh\u00f3a h\u1ecdc qua video\"}]}<\/script>\n<!-- \/ Yoast SEO Premium plugin. -->","yoast_head_json":{"title":"Gi\u1edbi thi\u1ec7u - H\u1ec7 th\u1ed1ng website kh\u00f3a h\u1ecdc qua video","robots":{"index":"index","follow":"follow","max-snippet":"max-snippet:-1","max-image-preview":"max-image-preview:large","max-video-preview":"max-video-preview:-1"},"canonical":"https:\/\/lophocnganhmay.vn\/index.php\/gioi-thieu\/","og_locale":"vi_VN","og_type":"article","og_title":"Gi\u1edbi thi\u1ec7u","og_description":"Kh\u00e1m Ph\u00e1 H\u1ec7 Th\u1ed1ng Kh\u00f3a H\u1ecdc Qua Video B\u00e0i Gi\u1ea3ng t\u1ea1i lophocnganhmay.vn \ud83c\udf1f H\u1ecdc M\u1ecdi L\u00fac, M\u1ecdi N\u01a1iCh\u00e0o m\u1eebng b\u1ea1n \u0111\u1ebfn v\u1edbi h\u1ec7 th\u1ed1ng kh\u00f3a h\u1ecdc tr\u1ef1c tuy\u1ebfn lophocnganhmay.vn \u2013 n\u01a1i cung c\u1ea5p c\u00e1c kh\u00f3a h\u1ecdc ch\u1ea5t l\u01b0\u1ee3ng cao qua &hellip;","og_url":"https:\/\/lophocnganhmay.vn\/index.php\/gioi-thieu\/","og_site_name":"H\u1ec7 th\u1ed1ng website kh\u00f3a h\u1ecdc qua video","article_publisher":"https:\/\/www.facebook.com\/profile.php?id=61569519135021","article_modified_time":"2024-11-30T18:13:47+00:00","twitter_card":"summary_large_image","twitter_misc":{"\u01af\u1edbc t\u00ednh th\u1eddi gian \u0111\u1ecdc":"2 ph\u00fat"},"schema":{"@context":"https:\/\/schema.org","@graph":[{"@type":"WebPage","@id":"https:\/\/lophocnganhmay.vn\/index.php\/gioi-thieu\/","url":"https:\/\/lophocnganhmay.vn\/index.php\/gioi-thieu\/","name":"Gi\u1edbi thi\u1ec7u - H\u1ec7 th\u1ed1ng website kh\u00f3a h\u1ecdc qua video","isPartOf":{"@id":"https:\/\/lophocnganhmay.vn\/#website"},"datePublished":"2015-11-18T01:34:00+00:00","dateModified":"2024-11-30T18:13:47+00:00","breadcrumb":{"@id":"https:\/\/lophocnganhmay.vn\/index.php\/gioi-thieu\/#breadcrumb"},"inLanguage":"vi","potentialAction":[{"@type":"ReadAction","target":["https:\/\/lophocnganhmay.vn\/index.php\/gioi-thieu\/"]}]},{"@type":"BreadcrumbList","@id":"https:\/\/lophocnganhmay.vn\/index.php\/gioi-thieu\/#breadcrumb","itemListElement":[{"@type":"ListItem","position":1,"name":"Trang ch\u1ee7","item":"https:\/\/lophocnganhmay.vn\/"},{"@type":"ListItem","position":2,"name":"Gi\u1edbi thi\u1ec7u"}]},{"@type":"WebSite","@id":"https:\/\/lophocnganhmay.vn\/#website","url":"https:\/\/lophocnganhmay.vn\/","name":"H\u1ec7 th\u1ed1ng website kh\u00f3a h\u1ecdc qua video b\u00e0i gi\u1ea3ng","description":"H\u1ec7 th\u1ed1ng kh\u00f3a h\u1ecdc online","publisher":{"@id":"https:\/\/lophocnganhmay.vn\/#organization"},"potentialAction":[{"@type":"SearchAction","target":{"@type":"EntryPoint","urlTemplate":"https:\/\/lophocnganhmay.vn\/?s={search_term_string}"},"query-input":{"@type":"PropertyValueSpecification","valueRequired":true,"valueName":"search_term_string"}}],"inLanguage":"vi"},{"@type":["Organization","Place"],"@id":"https:\/\/lophocnganhmay.vn\/#organization","name":"H\u1ec7 th\u1ed1ng website kh\u00f3a h\u1ecdc qua video","url":"https:\/\/lophocnganhmay.vn\/","logo":{"@id":"https:\/\/lophocnganhmay.vn\/index.php\/gioi-thieu\/#local-main-organization-logo"},"image":{"@id":"https:\/\/lophocnganhmay.vn\/index.php\/gioi-thieu\/#local-main-organization-logo"},"sameAs":["https:\/\/www.facebook.com\/profile.php?id=61569519135021","https:\/\/www.facebook.com\/phanmempro.vn"],"telephone":[],"openingHoursSpecification":[{"@type":"OpeningHoursSpecification","dayOfWeek":["Monday","Tuesday","Wednesday","Thursday","Friday","Saturday","Sunday"],"opens":"09:00","closes":"17:00"}]},{"@type":"ImageObject","inLanguage":"vi","@id":"https:\/\/lophocnganhmay.vn\/index.php\/gioi-thieu\/#local-main-organization-logo","url":"https:\/\/lophocnganhmay.vn\/wp-content\/uploads\/2023\/05\/bien-edu.png","contentUrl":"https:\/\/lophocnganhmay.vn\/wp-content\/uploads\/2023\/05\/bien-edu.png","width":657,"height":190,"caption":"H\u1ec7 th\u1ed1ng website kh\u00f3a h\u1ecdc qua video"}]}},"_links":{"self":[{"href":"https:\/\/lophocnganhmay.vn\/index.php\/wp-json\/wp\/v2\/pages\/2901","targetHints":{"allow":["GET"]}}],"collection":[{"href":"https:\/\/lophocnganhmay.vn\/index.php\/wp-json\/wp\/v2\/pages"}],"about":[{"href":"https:\/\/lophocnganhmay.vn\/index.php\/wp-json\/wp\/v2\/types\/page"}],"author":[{"embeddable":true,"href":"https:\/\/lophocnganhmay.vn\/index.php\/wp-json\/wp\/v2\/users\/1"}],"replies":[{"embeddable":true,"href":"https:\/\/lophocnganhmay.vn\/index.php\/wp-json\/wp\/v2\/comments?post=2901"}],"version-history":[{"count":11,"href":"https:\/\/lophocnganhmay.vn\/index.php\/wp-json\/wp\/v2\/pages\/2901\/revisions"}],"predecessor-version":[{"id":14631,"href":"https:\/\/lophocnganhmay.vn\/index.php\/wp-json\/wp\/v2\/pages\/2901\/revisions\/14631"}],"wp:attachment":[{"href":"https:\/\/lophocnganhmay.vn\/index.php\/wp-json\/wp\/v2\/media?parent=2901"}],"curies":[{"name":"wp","href":"https:\/\/api.w.org\/{rel}","templated":true}]}}