{"id":87,"date":"2015-10-22T03:17:26","date_gmt":"2015-10-21T20:17:26","guid":{"rendered":"http:\/\/demo.thimpress.com\/eduma\/?page_id=87"},"modified":"2023-05-29T18:52:25","modified_gmt":"2023-05-29T11:52:25","slug":"contact","status":"publish","type":"page","link":"https:\/\/lophocnganhmay.vn\/index.php\/contact\/","title":{"rendered":"Li\u00ean h\u1ec7"},"content":{"rendered":"\t\t<div data-elementor-type=\"wp-post\" data-elementor-id=\"87\" class=\"elementor elementor-87\" data-elementor-post-type=\"page\">\n\t\t\t\t\t\t<section class=\"elementor-section elementor-top-section elementor-element elementor-element-3e13ad1 elementor-section-stretched elementor-section-boxed elementor-section-height-default elementor-section-height-default\" data-id=\"3e13ad1\" data-element_type=\"section\" data-e-type=\"section\" data-settings=\"{&quot;stretch_section&quot;:&quot;section-stretched&quot;}\">\n\t\t\t\t\t\t<div class=\"elementor-container elementor-column-gap-custom\">\n\t\t\t\t\t<div class=\"elementor-column elementor-col-33 elementor-top-column elementor-element elementor-element-f25b691\" data-id=\"f25b691\" data-element_type=\"column\" data-e-type=\"column\" data-settings=\"{&quot;background_background&quot;:&quot;classic&quot;}\">\n\t\t\t<div class=\"elementor-widget-wrap elementor-element-populated\">\n\t\t\t\t\t\t<div class=\"elementor-element elementor-element-c6f58bd iconbox-text-center elementor-widget elementor-widget-thim-icon-box\" data-id=\"c6f58bd\" data-element_type=\"widget\" data-e-type=\"widget\" data-widget_type=\"thim-icon-box.default\">\n\t\t\t\t<div class=\"elementor-widget-container\">\n\t\t\t\t\t<div class=\"thim-widget-icon-box\"><div class=\"wrapper-box-icon text-center \"><div class=\"smicon-box iconbox-top\"><div class=\"boxes-icon\"><span class=\"inner-icon\"><span class=\"icon\"><i aria-hidden=\"true\" class=\"tk tk-pin1\"><\/i><\/span><\/span><\/div><div class=\"content-inner\"><div class=\"sc-heading\"><p class=\"heading__primary\">\u0110\u1ecba ch\u1ec9<\/p><\/div><div class=\"desc-icon-box\"><div class=\"desc-content\">98, \u0110\u01b0\u1eddng xc7, Khu Ph\u1ed1 4, Ph\u01b0\u1eddng M\u1ef9 Ph\u01b0\u1edbc  <\/br>\nTX B\u1ebfn C\u00e1t T. B\u00ecnh D\u01b0\u01a1ng<\/div><\/div><\/div><\/div><\/div><\/div>\t\t\t\t<\/div>\n\t\t\t\t<\/div>\n\t\t\t\t\t<\/div>\n\t\t<\/div>\n\t\t\t\t<div class=\"elementor-column elementor-col-33 elementor-top-column elementor-element elementor-element-7581677\" data-id=\"7581677\" data-element_type=\"column\" data-e-type=\"column\" data-settings=\"{&quot;background_background&quot;:&quot;classic&quot;}\">\n\t\t\t<div class=\"elementor-widget-wrap elementor-element-populated\">\n\t\t\t\t\t\t<div class=\"elementor-element elementor-element-a66d183 iconbox-text-center elementor-widget elementor-widget-thim-icon-box\" data-id=\"a66d183\" data-element_type=\"widget\" data-e-type=\"widget\" data-widget_type=\"thim-icon-box.default\">\n\t\t\t\t<div class=\"elementor-widget-container\">\n\t\t\t\t\t<div class=\"thim-widget-icon-box\"><div class=\"wrapper-box-icon text-center \"><div class=\"smicon-box iconbox-top\"><div class=\"boxes-icon\"><span class=\"inner-icon\"><span class=\"icon\"><i aria-hidden=\"true\" class=\"tk tk-teacher\"><\/i><\/span><\/span><\/div><div class=\"content-inner\"><div class=\"sc-heading\"><p class=\"heading__primary\">Th\u00f4ng tin li\u00ean h\u1ec7<\/p><\/div><div class=\"desc-icon-box\"><div class=\"desc-content\">\u0110i\u1ec7n tho\u1ea1i : 0963 896 077 <\/br>\nWhatsApp  : +84 963 896 077<\/br>\nMail: support@lophocnganhmay.vn<\/div><\/div><\/div><\/div><\/div><\/div>\t\t\t\t<\/div>\n\t\t\t\t<\/div>\n\t\t\t\t\t<\/div>\n\t\t<\/div>\n\t\t\t\t<div class=\"elementor-column elementor-col-33 elementor-top-column elementor-element elementor-element-77905de\" data-id=\"77905de\" data-element_type=\"column\" data-e-type=\"column\" data-settings=\"{&quot;background_background&quot;:&quot;classic&quot;}\">\n\t\t\t<div class=\"elementor-widget-wrap elementor-element-populated\">\n\t\t\t\t\t\t<div class=\"elementor-element elementor-element-578317a iconbox-text-center elementor-widget elementor-widget-thim-icon-box\" data-id=\"578317a\" data-element_type=\"widget\" data-e-type=\"widget\" data-widget_type=\"thim-icon-box.default\">\n\t\t\t\t<div class=\"elementor-widget-container\">\n\t\t\t\t\t<div class=\"thim-widget-icon-box\"><div class=\"wrapper-box-icon text-center \"><div class=\"smicon-box iconbox-top\"><div class=\"boxes-icon\"><span class=\"inner-icon\"><span class=\"icon\"><i aria-hidden=\"true\" class=\"tk tk-clock1\"><\/i><\/span><\/span><\/div><div class=\"content-inner\"><div class=\"sc-heading\"><p class=\"heading__primary\">Gi\u1edd l\u00e0m vi\u1ec7c<\/p><\/div><div class=\"desc-icon-box\"><div class=\"desc-content\">T\u1ea5t c\u1ea3 c\u00e1c ng\u00e0y trong tu\u1ea7n <br\/>\nTh\u1eddi gian t\u1eeb 7:30 AM - 22:00 PM<\/div><\/div><\/div><\/div><\/div><\/div>\t\t\t\t<\/div>\n\t\t\t\t<\/div>\n\t\t\t\t\t<\/div>\n\t\t<\/div>\n\t\t\t\t\t<\/div>\n\t\t<\/section>\n\t\t\t\t<section class=\"elementor-section elementor-top-section elementor-element elementor-element-71463fb elementor-section-boxed elementor-section-height-default elementor-section-height-default\" data-id=\"71463fb\" data-element_type=\"section\" data-e-type=\"section\">\n\t\t\t\t\t\t<div class=\"elementor-container elementor-column-gap-no\">\n\t\t\t\t\t<div class=\"elementor-column elementor-col-100 elementor-top-column elementor-element elementor-element-88b5840\" data-id=\"88b5840\" data-element_type=\"column\" data-e-type=\"column\">\n\t\t\t<div class=\"elementor-widget-wrap elementor-element-populated\">\n\t\t\t\t\t\t<div class=\"elementor-element elementor-element-74968e3 thim-ekits-heading-text-center elementor-widget thim-ekits-heading elementor-widget-thim-heading\" data-id=\"74968e3\" data-element_type=\"widget\" data-e-type=\"widget\" data-widget_type=\"thim-heading.default\">\n\t\t\t\t<div class=\"elementor-widget-container\">\n\t\t\t\t\t<div class=\"sc_heading text-center\"><h3 class=\"title\">\u0110i\u1ec1n v\u00e0o th\u00f4ng tin b\u00ean d\u01b0\u1edbi v\u00e0 sau \u0111\u00f3 g\u1eedi cho ch\u00fang t\u00f4i<\/h3><\/div>\t\t\t\t<\/div>\n\t\t\t\t<\/div>\n\t\t\t\t<div class=\"elementor-element elementor-element-db9c2bc elementor-widget elementor-widget-thim-ekits-contact-form-7\" data-id=\"db9c2bc\" data-element_type=\"widget\" data-e-type=\"widget\" data-widget_type=\"thim-ekits-contact-form-7.default\">\n\t\t\t\t<div class=\"elementor-widget-container\">\n\t\t\t\t\t\t\t\t<div class=\"thim-ekit-wpcf7\">\n\t\t\t\t\n<div class=\"wpcf7 no-js\" id=\"wpcf7-f13165-o1\" lang=\"en-US\" dir=\"ltr\" data-wpcf7-id=\"13165\">\n<div class=\"screen-reader-response\"><p role=\"status\" aria-live=\"polite\" aria-atomic=\"true\"><\/p> <ul><\/ul><\/div>\n<form action=\"\/index.php\/wp-json\/wp\/v2\/pages\/87#wpcf7-f13165-o1\" method=\"post\" class=\"wpcf7-form init\" aria-label=\"Contact form\" novalidate=\"novalidate\" data-status=\"init\">\n<fieldset class=\"hidden-fields-container\"><input type=\"hidden\" name=\"_wpcf7\" value=\"13165\" \/><input type=\"hidden\" name=\"_wpcf7_version\" value=\"6.1.5\" \/><input type=\"hidden\" name=\"_wpcf7_locale\" value=\"en_US\" \/><input type=\"hidden\" name=\"_wpcf7_unit_tag\" value=\"wpcf7-f13165-o1\" \/><input type=\"hidden\" name=\"_wpcf7_container_post\" value=\"0\" \/><input type=\"hidden\" name=\"_wpcf7_posted_data_hash\" value=\"\" \/>\n<\/fieldset>\n<p><span class=\"wpcf7-form-control-wrap\" data-name=\"your-name\"><input size=\"40\" maxlength=\"400\" class=\"wpcf7-form-control wpcf7-text wpcf7-validates-as-required\" aria-required=\"true\" aria-invalid=\"false\" placeholder=\"T\u00ean c\u1ee7a b\u1ea1n *\" value=\"\" type=\"text\" name=\"your-name\" \/><\/span>\n<\/p>\n<p><span class=\"wpcf7-form-control-wrap\" data-name=\"tel-523\"><input size=\"40\" maxlength=\"400\" class=\"wpcf7-form-control wpcf7-tel wpcf7-validates-as-required wpcf7-text wpcf7-validates-as-tel\" aria-required=\"true\" aria-invalid=\"false\" placeholder=\"\u0110i\u1ec7n tho\u1ea1i*\" value=\"\" type=\"tel\" name=\"tel-523\" \/><\/span>\n<\/p>\n<p><span class=\"wpcf7-form-control-wrap\" data-name=\"your-email\"><input size=\"40\" maxlength=\"400\" class=\"wpcf7-form-control wpcf7-email wpcf7-validates-as-required wpcf7-text wpcf7-validates-as-email\" aria-required=\"true\" aria-invalid=\"false\" placeholder=\"Email *\" value=\"\" type=\"email\" name=\"your-email\" \/><\/span>\n<\/p>\n<p><span class=\"wpcf7-form-control-wrap\" data-name=\"your-subject\"><input size=\"40\" maxlength=\"400\" class=\"wpcf7-form-control wpcf7-text wpcf7-validates-as-required\" aria-required=\"true\" aria-invalid=\"false\" placeholder=\"Ti\u00eau \u0111\u1ec1 *\" value=\"\" type=\"text\" name=\"your-subject\" \/><\/span>\n<\/p>\n<p><span class=\"wpcf7-form-control-wrap\" data-name=\"your-message\"><textarea cols=\"40\" rows=\"10\" maxlength=\"2000\" class=\"wpcf7-form-control wpcf7-textarea wpcf7-validates-as-required\" aria-required=\"true\" aria-invalid=\"false\" placeholder=\"N\u1ed9i dung li\u00ean h\u1ec7 *\" name=\"your-message\"><\/textarea><\/span>\n<\/p>\n<p><input class=\"wpcf7-form-control wpcf7-submit has-spinner\" type=\"submit\" value=\"G\u1eedi th\u00f4ng tin li\u00ean h\u1ec7\" \/>\n<\/p><div class=\"wpcf7-response-output\" aria-hidden=\"true\"><\/div>\n<\/form>\n<\/div>\n\t\t\t<\/div>\n\t\t\t\t\t\t<\/div>\n\t\t\t\t<\/div>\n\t\t\t\t\t<\/div>\n\t\t<\/div>\n\t\t\t\t\t<\/div>\n\t\t<\/section>\n\t\t\t\t<section class=\"elementor-section elementor-top-section elementor-element elementor-element-9e3e8fb elementor-section-stretched elementor-section-boxed elementor-section-height-default elementor-section-height-default\" data-id=\"9e3e8fb\" data-element_type=\"section\" data-e-type=\"section\" data-settings=\"{&quot;stretch_section&quot;:&quot;section-stretched&quot;}\">\n\t\t\t\t\t\t<div class=\"elementor-container elementor-column-gap-no\">\n\t\t\t\t\t<div class=\"elementor-column elementor-col-100 elementor-top-column elementor-element elementor-element-9e34713\" data-id=\"9e34713\" data-element_type=\"column\" data-e-type=\"column\">\n\t\t\t<div class=\"elementor-widget-wrap elementor-element-populated\">\n\t\t\t\t\t\t<div class=\"elementor-element elementor-element-052e901 elementor-widget elementor-widget-google_maps\" data-id=\"052e901\" data-element_type=\"widget\" data-e-type=\"widget\" data-widget_type=\"google_maps.default\">\n\t\t\t\t<div class=\"elementor-widget-container\">\n\t\t\t\t\t\t\t<div class=\"elementor-custom-embed\">\n\t\t\t<iframe loading=\"lazy\"\n\t\t\t\t\tsrc=\"https:\/\/maps.google.com\/maps?q=98%20.%20XC%207%2C%20M%E1%BB%B9%20Ph%C6%B0%E1%BB%9Bc%2C%20B%E1%BA%BFn%20C%C3%A1t%2C%20B%C3%ACnh%20D%C6%B0%C6%A1ng%2C%20Vi%E1%BB%87t%20Nam&#038;t=m&#038;z=12&#038;output=embed&#038;iwloc=near\"\n\t\t\t\t\ttitle=\"98 . XC 7, M\u1ef9 Ph\u01b0\u1edbc, B\u1ebfn C\u00e1t, B\u00ecnh D\u01b0\u01a1ng, Vi\u1ec7t Nam\"\n\t\t\t\t\taria-label=\"98 . XC 7, M\u1ef9 Ph\u01b0\u1edbc, B\u1ebfn C\u00e1t, B\u00ecnh D\u01b0\u01a1ng, Vi\u1ec7t Nam\"\n\t\t\t><\/iframe>\n\t\t<\/div>\n\t\t\t\t\t\t<\/div>\n\t\t\t\t<\/div>\n\t\t\t\t\t<\/div>\n\t\t<\/div>\n\t\t\t\t\t<\/div>\n\t\t<\/section>\n\t\t\t\t<section class=\"elementor-section elementor-top-section elementor-element elementor-element-64871ef elementor-section-boxed elementor-section-height-default elementor-section-height-default\" data-id=\"64871ef\" data-element_type=\"section\" data-e-type=\"section\">\n\t\t\t\t\t\t<div class=\"elementor-container elementor-column-gap-default\">\n\t\t\t\t\t<div class=\"elementor-column elementor-col-100 elementor-top-column elementor-element elementor-element-5320d81\" data-id=\"5320d81\" data-element_type=\"column\" data-e-type=\"column\">\n\t\t\t<div class=\"elementor-widget-wrap elementor-element-populated\">\n\t\t\t\t\t\t<div class=\"dot-border-none dot-active-border-none elementor-element elementor-element-424454e elementor-widget thim-widget-gallery-images\" data-id=\"424454e\" data-element_type=\"widget\" data-e-type=\"widget\" data-widget_type=\"thim-gallery-images.default\">\n\t\t\t\t<div class=\"elementor-widget-container\">\n\t\t\t\t\t<div class=\"thim-carousel-wrapper gallery-img not_have_color\" data-visible=\"\" data-itemtablet=\"3\" data-autoplay=\"0\" data-navigation=\"1\" data-pagination=\"0\" data-loop=\"true\"><div class=\"item\"><a target=_self href=\"#\"><\/a><\/div><div class=\"item\"><a target=_self href=\"#\"><\/a><\/div><div class=\"item\"><a target=_self href=\"#\"><\/a><\/div><div class=\"item\"><a target=_self href=\"#\"><\/a><\/div><div class=\"item\"><a target=_self href=\"#\"><\/a><\/div><div class=\"item\"><a target=_self href=\"#\"><\/a><\/div><div class=\"item\"><a target=_self href=\"#\"><\/a><\/div><div class=\"item\"><a target=_self href=\"#\"><\/a><\/div><\/div>\t\t\t\t<\/div>\n\t\t\t\t<\/div>\n\t\t\t\t\t<\/div>\n\t\t<\/div>\n\t\t\t\t\t<\/div>\n\t\t<\/section>\n\t\t\t\t<\/div>\n\t\t","protected":false},"excerpt":{"rendered":"<p>\u0110\u1ecba ch\u1ec9 98, \u0110\u01b0\u1eddng xc7, Khu Ph\u1ed1 4, Ph\u01b0\u1eddng M\u1ef9 Ph\u01b0\u1edbc TX B\u1ebfn C\u00e1t T. B\u00ecnh D\u01b0\u01a1ng Th\u00f4ng tin li\u00ean h\u1ec7 \u0110i\u1ec7n tho\u1ea1i : 0963 896 077 WhatsApp : +84 963 896 077 Mail: support@lophocnganhmay.vn Gi\u1edd l\u00e0m vi\u1ec7c T\u1ea5t c\u1ea3 &hellip; <\/p>\n","protected":false},"author":1,"featured_media":0,"parent":0,"menu_order":0,"comment_status":"closed","ping_status":"closed","template":"","meta":{"pmpro_default_level":"","footnotes":""},"class_list":["post-87","page","type-page","status-publish","hentry","pmpro-has-access"],"yoast_head":"<!-- This site is optimized with the Yoast SEO Premium plugin v23.9 (Yoast SEO v27.4) - https:\/\/yoast.com\/product\/yoast-seo-premium-wordpress\/ -->\n<title>Li\u00ean h\u1ec7 - H\u1ec7 th\u1ed1ng website kh\u00f3a h\u1ecdc qua video<\/title>\n<meta name=\"robots\" content=\"index, follow, max-snippet:-1, max-image-preview:large, max-video-preview:-1\" \/>\n<link rel=\"canonical\" href=\"https:\/\/lophocnganhmay.vn\/index.php\/contact\/\" \/>\n<meta property=\"og:locale\" content=\"vi_VN\" \/>\n<meta property=\"og:type\" content=\"article\" \/>\n<meta property=\"og:title\" content=\"Li\u00ean h\u1ec7\" \/>\n<meta property=\"og:description\" content=\"\u0110\u1ecba ch\u1ec9 98, \u0110\u01b0\u1eddng xc7, Khu Ph\u1ed1 4, Ph\u01b0\u1eddng M\u1ef9 Ph\u01b0\u1edbc TX B\u1ebfn C\u00e1t T. B\u00ecnh D\u01b0\u01a1ng Th\u00f4ng tin li\u00ean h\u1ec7 \u0110i\u1ec7n tho\u1ea1i : 0963 896 077 WhatsApp : +84 963 896 077 Mail: support@lophocnganhmay.vn Gi\u1edd l\u00e0m vi\u1ec7c T\u1ea5t c\u1ea3 &hellip;\" \/>\n<meta property=\"og:url\" content=\"https:\/\/lophocnganhmay.vn\/index.php\/contact\/\" \/>\n<meta property=\"og:site_name\" content=\"H\u1ec7 th\u1ed1ng website kh\u00f3a h\u1ecdc qua video\" \/>\n<meta property=\"article:publisher\" content=\"https:\/\/www.facebook.com\/profile.php?id=61569519135021\" \/>\n<meta property=\"article:modified_time\" content=\"2023-05-29T11:52:25+00:00\" \/>\n<meta name=\"twitter:card\" content=\"summary_large_image\" \/>\n<script type=\"application\/ld+json\" class=\"yoast-schema-graph\">{\"@context\":\"https:\\\/\\\/schema.org\",\"@graph\":[{\"@type\":\"WebPage\",\"@id\":\"https:\\\/\\\/lophocnganhmay.vn\\\/index.php\\\/contact\\\/\",\"url\":\"https:\\\/\\\/lophocnganhmay.vn\\\/index.php\\\/contact\\\/\",\"name\":\"Li\u00ean h\u1ec7 - H\u1ec7 th\u1ed1ng website kh\u00f3a h\u1ecdc qua video\",\"isPartOf\":{\"@id\":\"https:\\\/\\\/lophocnganhmay.vn\\\/#website\"},\"datePublished\":\"2015-10-21T20:17:26+00:00\",\"dateModified\":\"2023-05-29T11:52:25+00:00\",\"breadcrumb\":{\"@id\":\"https:\\\/\\\/lophocnganhmay.vn\\\/index.php\\\/contact\\\/#breadcrumb\"},\"inLanguage\":\"vi\",\"potentialAction\":[{\"@type\":\"ReadAction\",\"target\":[\"https:\\\/\\\/lophocnganhmay.vn\\\/index.php\\\/contact\\\/\"]}]},{\"@type\":\"BreadcrumbList\",\"@id\":\"https:\\\/\\\/lophocnganhmay.vn\\\/index.php\\\/contact\\\/#breadcrumb\",\"itemListElement\":[{\"@type\":\"ListItem\",\"position\":1,\"name\":\"Trang ch\u1ee7\",\"item\":\"https:\\\/\\\/lophocnganhmay.vn\\\/\"},{\"@type\":\"ListItem\",\"position\":2,\"name\":\"Li\u00ean h\u1ec7\"}]},{\"@type\":\"WebSite\",\"@id\":\"https:\\\/\\\/lophocnganhmay.vn\\\/#website\",\"url\":\"https:\\\/\\\/lophocnganhmay.vn\\\/\",\"name\":\"H\u1ec7 th\u1ed1ng website kh\u00f3a h\u1ecdc qua video b\u00e0i gi\u1ea3ng\",\"description\":\"H\u1ec7 th\u1ed1ng kh\u00f3a h\u1ecdc online\",\"publisher\":{\"@id\":\"https:\\\/\\\/lophocnganhmay.vn\\\/#organization\"},\"potentialAction\":[{\"@type\":\"SearchAction\",\"target\":{\"@type\":\"EntryPoint\",\"urlTemplate\":\"https:\\\/\\\/lophocnganhmay.vn\\\/?s={search_term_string}\"},\"query-input\":{\"@type\":\"PropertyValueSpecification\",\"valueRequired\":true,\"valueName\":\"search_term_string\"}}],\"inLanguage\":\"vi\"},{\"@type\":[\"Organization\",\"Place\"],\"@id\":\"https:\\\/\\\/lophocnganhmay.vn\\\/#organization\",\"name\":\"H\u1ec7 th\u1ed1ng website kh\u00f3a h\u1ecdc qua video\",\"url\":\"https:\\\/\\\/lophocnganhmay.vn\\\/\",\"logo\":{\"@id\":\"https:\\\/\\\/lophocnganhmay.vn\\\/index.php\\\/contact\\\/#local-main-organization-logo\"},\"image\":{\"@id\":\"https:\\\/\\\/lophocnganhmay.vn\\\/index.php\\\/contact\\\/#local-main-organization-logo\"},\"sameAs\":[\"https:\\\/\\\/www.facebook.com\\\/profile.php?id=61569519135021\",\"https:\\\/\\\/www.facebook.com\\\/phanmempro.vn\"],\"telephone\":[],\"openingHoursSpecification\":[{\"@type\":\"OpeningHoursSpecification\",\"dayOfWeek\":[\"Monday\",\"Tuesday\",\"Wednesday\",\"Thursday\",\"Friday\",\"Saturday\",\"Sunday\"],\"opens\":\"09:00\",\"closes\":\"17:00\"}]},{\"@type\":\"ImageObject\",\"inLanguage\":\"vi\",\"@id\":\"https:\\\/\\\/lophocnganhmay.vn\\\/index.php\\\/contact\\\/#local-main-organization-logo\",\"url\":\"https:\\\/\\\/lophocnganhmay.vn\\\/wp-content\\\/uploads\\\/2023\\\/05\\\/bien-edu.png\",\"contentUrl\":\"https:\\\/\\\/lophocnganhmay.vn\\\/wp-content\\\/uploads\\\/2023\\\/05\\\/bien-edu.png\",\"width\":657,\"height\":190,\"caption\":\"H\u1ec7 th\u1ed1ng website kh\u00f3a h\u1ecdc qua video\"}]}<\/script>\n<!-- \/ Yoast SEO Premium plugin. -->","yoast_head_json":{"title":"Li\u00ean h\u1ec7 - H\u1ec7 th\u1ed1ng website kh\u00f3a h\u1ecdc qua video","robots":{"index":"index","follow":"follow","max-snippet":"max-snippet:-1","max-image-preview":"max-image-preview:large","max-video-preview":"max-video-preview:-1"},"canonical":"https:\/\/lophocnganhmay.vn\/index.php\/contact\/","og_locale":"vi_VN","og_type":"article","og_title":"Li\u00ean h\u1ec7","og_description":"\u0110\u1ecba ch\u1ec9 98, \u0110\u01b0\u1eddng xc7, Khu Ph\u1ed1 4, Ph\u01b0\u1eddng M\u1ef9 Ph\u01b0\u1edbc TX B\u1ebfn C\u00e1t T. B\u00ecnh D\u01b0\u01a1ng Th\u00f4ng tin li\u00ean h\u1ec7 \u0110i\u1ec7n tho\u1ea1i : 0963 896 077 WhatsApp : +84 963 896 077 Mail: support@lophocnganhmay.vn Gi\u1edd l\u00e0m vi\u1ec7c T\u1ea5t c\u1ea3 &hellip;","og_url":"https:\/\/lophocnganhmay.vn\/index.php\/contact\/","og_site_name":"H\u1ec7 th\u1ed1ng website kh\u00f3a h\u1ecdc qua video","article_publisher":"https:\/\/www.facebook.com\/profile.php?id=61569519135021","article_modified_time":"2023-05-29T11:52:25+00:00","twitter_card":"summary_large_image","schema":{"@context":"https:\/\/schema.org","@graph":[{"@type":"WebPage","@id":"https:\/\/lophocnganhmay.vn\/index.php\/contact\/","url":"https:\/\/lophocnganhmay.vn\/index.php\/contact\/","name":"Li\u00ean h\u1ec7 - H\u1ec7 th\u1ed1ng website kh\u00f3a h\u1ecdc qua video","isPartOf":{"@id":"https:\/\/lophocnganhmay.vn\/#website"},"datePublished":"2015-10-21T20:17:26+00:00","dateModified":"2023-05-29T11:52:25+00:00","breadcrumb":{"@id":"https:\/\/lophocnganhmay.vn\/index.php\/contact\/#breadcrumb"},"inLanguage":"vi","potentialAction":[{"@type":"ReadAction","target":["https:\/\/lophocnganhmay.vn\/index.php\/contact\/"]}]},{"@type":"BreadcrumbList","@id":"https:\/\/lophocnganhmay.vn\/index.php\/contact\/#breadcrumb","itemListElement":[{"@type":"ListItem","position":1,"name":"Trang ch\u1ee7","item":"https:\/\/lophocnganhmay.vn\/"},{"@type":"ListItem","position":2,"name":"Li\u00ean h\u1ec7"}]},{"@type":"WebSite","@id":"https:\/\/lophocnganhmay.vn\/#website","url":"https:\/\/lophocnganhmay.vn\/","name":"H\u1ec7 th\u1ed1ng website kh\u00f3a h\u1ecdc qua video b\u00e0i gi\u1ea3ng","description":"H\u1ec7 th\u1ed1ng kh\u00f3a h\u1ecdc online","publisher":{"@id":"https:\/\/lophocnganhmay.vn\/#organization"},"potentialAction":[{"@type":"SearchAction","target":{"@type":"EntryPoint","urlTemplate":"https:\/\/lophocnganhmay.vn\/?s={search_term_string}"},"query-input":{"@type":"PropertyValueSpecification","valueRequired":true,"valueName":"search_term_string"}}],"inLanguage":"vi"},{"@type":["Organization","Place"],"@id":"https:\/\/lophocnganhmay.vn\/#organization","name":"H\u1ec7 th\u1ed1ng website kh\u00f3a h\u1ecdc qua video","url":"https:\/\/lophocnganhmay.vn\/","logo":{"@id":"https:\/\/lophocnganhmay.vn\/index.php\/contact\/#local-main-organization-logo"},"image":{"@id":"https:\/\/lophocnganhmay.vn\/index.php\/contact\/#local-main-organization-logo"},"sameAs":["https:\/\/www.facebook.com\/profile.php?id=61569519135021","https:\/\/www.facebook.com\/phanmempro.vn"],"telephone":[],"openingHoursSpecification":[{"@type":"OpeningHoursSpecification","dayOfWeek":["Monday","Tuesday","Wednesday","Thursday","Friday","Saturday","Sunday"],"opens":"09:00","closes":"17:00"}]},{"@type":"ImageObject","inLanguage":"vi","@id":"https:\/\/lophocnganhmay.vn\/index.php\/contact\/#local-main-organization-logo","url":"https:\/\/lophocnganhmay.vn\/wp-content\/uploads\/2023\/05\/bien-edu.png","contentUrl":"https:\/\/lophocnganhmay.vn\/wp-content\/uploads\/2023\/05\/bien-edu.png","width":657,"height":190,"caption":"H\u1ec7 th\u1ed1ng website kh\u00f3a h\u1ecdc qua video"}]}},"_links":{"self":[{"href":"https:\/\/lophocnganhmay.vn\/index.php\/wp-json\/wp\/v2\/pages\/87","targetHints":{"allow":["GET"]}}],"collection":[{"href":"https:\/\/lophocnganhmay.vn\/index.php\/wp-json\/wp\/v2\/pages"}],"about":[{"href":"https:\/\/lophocnganhmay.vn\/index.php\/wp-json\/wp\/v2\/types\/page"}],"author":[{"embeddable":true,"href":"https:\/\/lophocnganhmay.vn\/index.php\/wp-json\/wp\/v2\/users\/1"}],"replies":[{"embeddable":true,"href":"https:\/\/lophocnganhmay.vn\/index.php\/wp-json\/wp\/v2\/comments?post=87"}],"version-history":[{"count":22,"href":"https:\/\/lophocnganhmay.vn\/index.php\/wp-json\/wp\/v2\/pages\/87\/revisions"}],"predecessor-version":[{"id":13472,"href":"https:\/\/lophocnganhmay.vn\/index.php\/wp-json\/wp\/v2\/pages\/87\/revisions\/13472"}],"wp:attachment":[{"href":"https:\/\/lophocnganhmay.vn\/index.php\/wp-json\/wp\/v2\/media?parent=87"}],"curies":[{"name":"wp","href":"https:\/\/api.w.org\/{rel}","templated":true}]}}